{"id":6765,"date":"2022-08-19T16:58:00","date_gmt":"2022-08-19T15:58:00","guid":{"rendered":"https:\/\/www.fredericlecrivain.com\/en\/?page_id=6765"},"modified":"2026-02-03T19:43:44","modified_gmt":"2026-02-03T18:43:44","slug":"contact","status":"publish","type":"page","link":"https:\/\/www.fredericlecrivain.com\/en\/contact\/","title":{"rendered":"Contact"},"content":{"rendered":"\n<h3 style=\"max-width: 760px; margin: 0px auto; padding: 0px;\">You have a project, a collaboration proposal or any other request? <br>Feel free to contact me. It is with pleasure that I will exchange with you on the subject.<\/h3>\n\n\n\n<br><div style=\"max-width: 760px; margin: 0px auto; padding: 0px;\"><div class='fluentform ff-default fluentform_wrapper_1 ffs_default_wrap'><form data-form_id=\"1\" id=\"fluentform_1\" class=\"frm-fluent-form fluent_form_1 ff-el-form-top ff_form_instance_1_1 ff-form-loading ffs_default\" data-form_instance=\"ff_form_instance_1_1\" method=\"POST\" ><fieldset  style=\"border: none!important;margin: 0!important;padding: 0!important;background-color: transparent!important;box-shadow: none!important;outline: none!important; min-inline-size: 100%;\">\n                    <legend class=\"ff_screen_reader_title\" style=\"display: block; margin: 0!important;padding: 0!important;height: 0!important;text-indent: -999999px;width: 0!important;overflow:hidden;\">Blank Form (#1)<\/legend><input type='hidden' name='__fluent_form_embded_post_id' value='6765' \/><input type=\"hidden\" id=\"_fluentform_1_fluentformnonce\" name=\"_fluentform_1_fluentformnonce\" value=\"d65eb6b0db\" \/><input type=\"hidden\" name=\"_wp_http_referer\" value=\"\/en\/wp-json\/wp\/v2\/pages\/6765\" \/><div class='ff-el-group  ff-custom_html' tabindex='-1' data-name=\"custom_html-1_1\" ><h4>What do you wish?<\/h4><\/div><div class='ff-el-group  ff_list_inline'><div class=\"ff-el-input--label ff-el-is-required\"><label   aria-label=\"Your subject concerns:\">Your subject concerns:<\/label><\/div><div class='ff-el-input--content'><div class='ff-el-form-check ff-el-form-check-'><label class='ff-el-form-check-label' for='input_radio_ec8effa8bf8e703e446fc31858c2724c'><input  type=\"radio\" name=\"input_radio\" data-name=\"input_radio\" class=\"ff-el-form-check-input ff-el-form-check-radio\" value=\"yes\"  id='input_radio_ec8effa8bf8e703e446fc31858c2724c' aria-label='A project' aria-invalid='false' aria-required=true> <span>A project<\/span><\/label><\/div><div class='ff-el-form-check ff-el-form-check-'><label class='ff-el-form-check-label' for='input_radio_399f702922c26642a6a772eee61be99a'><input  type=\"radio\" name=\"input_radio\" data-name=\"input_radio\" class=\"ff-el-form-check-input ff-el-form-check-radio\" value=\"no\"  id='input_radio_399f702922c26642a6a772eee61be99a' aria-label='A collaboration' aria-invalid='false' aria-required=true> <span>A collaboration<\/span><\/label><\/div><div class='ff-el-form-check ff-el-form-check-'><label class='ff-el-form-check-label' for='input_radio_8bb5ac054d87fc8e3344203b8c96dabc'><input  type=\"radio\" name=\"input_radio\" data-name=\"input_radio\" class=\"ff-el-form-check-input ff-el-form-check-radio\" value=\"item_1\"  id='input_radio_8bb5ac054d87fc8e3344203b8c96dabc' aria-label='An information' aria-invalid='false' aria-required=true> <span>An information<\/span><\/label><\/div><div class='ff-el-form-check ff-el-form-check-'><label class='ff-el-form-check-label' for='input_radio_e751d853ffe58cc9abc7960db67f738f'><input  type=\"radio\" name=\"input_radio\" data-name=\"input_radio\" class=\"ff-el-form-check-input ff-el-form-check-radio\" value=\"item_2\"  id='input_radio_e751d853ffe58cc9abc7960db67f738f' aria-label='Other' aria-invalid='false' aria-required=true> <span>Other<\/span><\/label><\/div><\/div><\/div><div class='ff-el-group'><div class=\"ff-el-input--label ff-el-is-required\"><label for='ff_1_description' id='label_ff_1_description' aria-label=\"Leave your message:\">Leave your message:<\/label><\/div><div class='ff-el-input--content'><textarea aria-required=\"true\" aria-labelledby=\"label_ff_1_description\" name=\"description\" id=\"ff_1_description\" class=\"ff-el-form-control\" placeholder=\"Message\" rows=\"3\" cols=\"2\" data-name=\"description\" ><\/textarea><\/div><\/div><div class='ff-el-group  ff-custom_html' tabindex='-1' data-name=\"custom_html-1_2\" ><h4>How can I contact you?<\/h4><\/div><div class='ff-el-group  ff_list_inline'><div class=\"ff-el-input--label ff-el-is-required\"><label   aria-label=\"You are:\">You are:<\/label><\/div><div class='ff-el-input--content'><div class='ff-el-form-check ff-el-form-check-'><label class='ff-el-form-check-label' for='input_radio_1_cbf8a0325a7e49c2e9de3ec4986b3d13'><input  type=\"radio\" name=\"input_radio_1\" data-name=\"input_radio_1\" class=\"ff-el-form-check-input ff-el-form-check-radio\" value=\"yes\"  id='input_radio_1_cbf8a0325a7e49c2e9de3ec4986b3d13' aria-label='A company' aria-invalid='false' aria-required=true> <span>A company<\/span><\/label><\/div><div class='ff-el-form-check ff-el-form-check-'><label class='ff-el-form-check-label' for='input_radio_1_7f227492ec47b90d4377b32143a52ffd'><input  type=\"radio\" name=\"input_radio_1\" data-name=\"input_radio_1\" class=\"ff-el-form-check-input ff-el-form-check-radio\" value=\"no\"  id='input_radio_1_7f227492ec47b90d4377b32143a52ffd' aria-label='An individual' aria-invalid='false' aria-required=true> <span>An individual<\/span><\/label><\/div><div class='ff-el-form-check ff-el-form-check-'><label class='ff-el-form-check-label' for='input_radio_1_64bbc67dd5a4e15d97b274fc722750c3'><input  type=\"radio\" name=\"input_radio_1\" data-name=\"input_radio_1\" class=\"ff-el-form-check-input ff-el-form-check-radio\" value=\"item_1\"  id='input_radio_1_64bbc67dd5a4e15d97b274fc722750c3' aria-label='A collectivity' aria-invalid='false' aria-required=true> <span>A collectivity<\/span><\/label><\/div><div class='ff-el-form-check ff-el-form-check-'><label class='ff-el-form-check-label' for='input_radio_1_44e5d0bbb5fb2d4e8433e41a552cd082'><input  type=\"radio\" name=\"input_radio_1\" data-name=\"input_radio_1\" class=\"ff-el-form-check-input ff-el-form-check-radio\" value=\"item_2\"  id='input_radio_1_44e5d0bbb5fb2d4e8433e41a552cd082' aria-label='Other' aria-invalid='false' aria-required=true> <span>Other<\/span><\/label><\/div><\/div><\/div><div data-name=\"ff_cn_id_1\"  class='ff-t-container ff-column-container ff_columns_total_3 '><div class='ff-t-cell ff-t-column-1' style='flex-basis: 45%;'><div data-type=\"name-element\" data-name=\"names\" class=\" ff-field_container ff-name-field-wrapper\" ><div class='ff-t-container'><div class='ff-t-cell '><div class='ff-el-group  ff-el-form-top'><div class=\"ff-el-input--label ff-el-is-required\"><label for='ff_1_names_first_name_' id='label_ff_1_names_first_name_' >Your name<\/label><\/div><div class='ff-el-input--content'><input type=\"text\" name=\"names[first_name]\" id=\"ff_1_names_first_name_\" class=\"ff-el-form-control\" placeholder=\"Name\" aria-invalid=\"false\" aria-required=true><\/div><\/div><\/div><\/div><\/div><\/div><div class='ff-t-cell ff-t-column-2' style='flex-basis: 10%;'><\/div><div class='ff-t-cell ff-t-column-3' style='flex-basis: 44.99%;'><div class='ff-el-group'><div class=\"ff-el-input--label ff-el-is-required\"><label for='ff_1_email' id='label_ff_1_email' aria-label=\"Your Email\">Your Email<\/label><\/div><div class='ff-el-input--content'><input type=\"email\" name=\"email\" id=\"ff_1_email\" class=\"ff-el-form-control\" placeholder=\"Email address\" data-name=\"email\"  aria-invalid=\"false\" aria-required=true><\/div><\/div><\/div><\/div><div class='ff-el-group    ff-el-input--content'><div class='ff-el-form-check ff-el-tc'><label aria-label='Terms and Conditions: I accept that informations are used exclusively in order to be able to respond to me, as described in the Privacy Policy, as well as the General Conditions of Use. Contains 2 links. Use tab navigation to review.' class='ff-el-form-check-label ff_tc_label' for=gdpr-agreement_a370f3e6138ab276cf79f77ee253d841><span class='ff_tc_checkbox'><input type=\"checkbox\" name=\"gdpr-agreement\" class=\"ff-el-form-check-input ff_gdpr_field\" data-name=\"gdpr-agreement\" id=\"gdpr-agreement_a370f3e6138ab276cf79f77ee253d841\"  value='on' aria-invalid='false' aria-required=true><\/span> <div class='ff_t_c'>I accept that informations are used exclusively in order to be able to respond to me, as described in the <u><a href=\"https:\/\/www.fredericlecrivain.com\/politique-de-confidentialite\/\" target=\"_blank\" rel=\"noopener\">Privacy Policy<\/a><\/u>, as well as the <u><a href=\"https:\/\/www.fredericlecrivain.com\/conditions-generales-dutilisation\/\" target=\"_blank\" rel=\"noopener\">General Conditions of Use<\/a><\/u>.<\/div><\/label><\/div><\/div><div class='ff-el-group ff-text-left ff_submit_btn_wrapper ff_submit_btn_wrapper_custom'><button class=\"ff-btn ff-btn-submit ff-btn-md ff_btn_style wpf_has_custom_css\" type=\"submit\" name=\"custom_submit_button-1_3\" data-name=\"custom_submit_button-1_3\"  aria-label=\"Submit\">Submit<\/button><style>form.fluent_form_1 .wpf_has_custom_css.ff-btn-submit { background-color:rgba(85, 84, 84, 1);border-color:rgba(85, 84, 84, 1);color:#ffffff;min-width:100%; }form.fluent_form_1 .wpf_has_custom_css.ff-btn-submit:hover { background-color:rgba(249, 249, 249, 1);border-color:rgba(0, 0, 0, 1);color:#000000;min-width:100%; } <\/style><\/div><\/fieldset><\/form><div id='fluentform_1_errors' class='ff-errors-in-stack ff_form_instance_1_1 ff-form-loading_errors ff_form_instance_1_1_errors'><\/div><\/div>            <script type=\"text\/javascript\">\n                window.fluent_form_ff_form_instance_1_1 = {\"id\":\"1\",\"settings\":{\"layout\":{\"labelPlacement\":\"top\",\"helpMessagePlacement\":\"with_label\",\"errorMessagePlacement\":\"inline\",\"cssClassName\":\"\",\"asteriskPlacement\":\"\"},\"restrictions\":{\"denyEmptySubmission\":{\"enabled\":false}}},\"form_instance\":\"ff_form_instance_1_1\",\"form_id_selector\":\"fluentform_1\",\"rules\":{\"input_radio\":{\"required\":{\"value\":true,\"message\":\"This field is required\"}},\"description\":{\"required\":{\"value\":true,\"message\":\"This field is required\"}},\"input_radio_1\":{\"required\":{\"value\":true,\"message\":\"This field is required\"}},\"names[first_name]\":{\"required\":{\"value\":true,\"message\":\"This field is required\"}},\"names[middle_name]\":{\"required\":{\"value\":false,\"message\":\"This field is required\"}},\"names[last_name]\":{\"required\":{\"value\":false,\"message\":\"This field is required\"}},\"email\":{\"required\":{\"value\":true,\"message\":\"This field is required\"},\"email\":{\"value\":true,\"message\":\"This field must contain a valid email\"}},\"gdpr-agreement\":{\"required\":{\"value\":true,\"message\":\"This field is required\"}}},\"debounce_time\":300};\n                            <\/script>\n            <\/div>\n\n\n\n<div style=\"height:150px\" aria-hidden=\"true\" class=\"wp-block-spacer ticss-f9fc3336\"><\/div>\n\n\n\n<p><strong>Contact information:<\/strong><\/p>\n\n\n\n<div style=\"max-width: 760px; margin: 0px auto; padding: 0px;\">\n\n<p style=\"float: left; max-width: 330px; padding-right: 87px; margin-bottom: 1.9rem; text-align: left;\">contact@fredericlecrivain.com<\/p>\n\n<p style=\"float: left; max-width: 320px; padding-right: 87px; text-align: left;\">+33 (0)6 60 94 58 21<\/p>\n\n<p style=\"float: left; max-width: 320px; padding-right: 87px; margin-bottom: 1.9rem; text-align: left;\">11 rue de Chanteloup<br>35320 Crevin<br>France<\/p>\n\n<\/div>\n\n\n\n<p><\/p>\n","protected":false},"excerpt":{"rendered":"<p>You have a project, a collaboration proposal or any other request? Feel free to contact me. It is with pleasure that I will exchange with you on the subject. Contact information: contact@fredericlecrivain.com +33 (0)6 60 94 58 21 11 rue de Chanteloup35320 CrevinFrance<\/p>\n<a class=\"read-more-link\" href=\" https:\/\/www.fredericlecrivain.com\/en\/contact\/ \">Read more<\/a>","protected":false},"author":1,"featured_media":0,"parent":0,"menu_order":22,"comment_status":"closed","ping_status":"closed","template":"","meta":{"_coblocks_attr":"","_coblocks_dimensions":"{\"coblocks-column-9619477457\":{\"padding\":{\"paddingBottom\":\"0px\",\"paddingBottomMobile\":\"0px\",\"paddingBottomTablet\":null,\"paddingLeft\":\"170px\",\"paddingLeftMobile\":\"0px\",\"paddingLeftTablet\":null,\"paddingRight\":\"0px\",\"paddingRightMobile\":\"180px\",\"paddingRightTablet\":null,\"paddingTop\":\"0px\",\"paddingTopMobile\":\"0px\",\"paddingTopTablet\":null},\"margin\":{\"marginBottom\":null,\"marginBottomMobile\":null,\"marginBottomTablet\":null,\"marginLeft\":null,\"marginLeftMobile\":null,\"marginLeftTablet\":null,\"marginRight\":null,\"marginRightMobile\":null,\"marginRightTablet\":null,\"marginTop\":null,\"marginTopMobile\":null,\"marginTopTablet\":null}},\"coblocks-column-9619477493\":{\"padding\":{\"paddingBottom\":\"0px\",\"paddingBottomMobile\":null,\"paddingBottomTablet\":null,\"paddingLeft\":\"180px\",\"paddingLeftMobile\":null,\"paddingLeftTablet\":null,\"paddingRight\":\"0px\",\"paddingRightMobile\":null,\"paddingRightTablet\":null,\"paddingTop\":\"0px\",\"paddingTopMobile\":null,\"paddingTopTablet\":null}}}","_coblocks_responsive_height":"","_coblocks_accordion_ie_support":"","_vp_format_video_url":"","_vp_image_focal_point":[],"footnotes":""},"class_list":["post-6765","page","type-page","status-publish","hentry"],"yoast_head":"<!-- This site is optimized with the Yoast SEO plugin v27.2 - https:\/\/yoast.com\/product\/yoast-seo-wordpress\/ -->\n<title>Contact &#183; Fr\u00e9d\u00e9ric L\u00e9crivain, designer<\/title>\n<meta name=\"robots\" content=\"index, follow, max-snippet:-1, max-image-preview:large, max-video-preview:-1\" \/>\n<link rel=\"canonical\" href=\"https:\/\/www.fredericlecrivain.com\/en\/contact\/\" \/>\n<meta name=\"twitter:label1\" content=\"Est. reading time\" \/>\n\t<meta name=\"twitter:data1\" content=\"1 minute\" \/>\n<script type=\"application\/ld+json\" class=\"yoast-schema-graph\">{\"@context\":\"https:\/\/schema.org\",\"@graph\":[{\"@type\":\"WebPage\",\"@id\":\"https:\/\/www.fredericlecrivain.com\/en\/contact\/\",\"url\":\"https:\/\/www.fredericlecrivain.com\/en\/contact\/\",\"name\":\"Contact &#183; Fr\u00e9d\u00e9ric L\u00e9crivain, designer\",\"isPartOf\":{\"@id\":\"https:\/\/www.fredericlecrivain.com\/en\/#website\"},\"datePublished\":\"2022-08-19T15:58:00+00:00\",\"dateModified\":\"2026-02-03T18:43:44+00:00\",\"breadcrumb\":{\"@id\":\"https:\/\/www.fredericlecrivain.com\/en\/contact\/#breadcrumb\"},\"inLanguage\":\"en-US\",\"potentialAction\":[{\"@type\":\"ReadAction\",\"target\":[\"https:\/\/www.fredericlecrivain.com\/en\/contact\/\"]}]},{\"@type\":\"BreadcrumbList\",\"@id\":\"https:\/\/www.fredericlecrivain.com\/en\/contact\/#breadcrumb\",\"itemListElement\":[{\"@type\":\"ListItem\",\"position\":1,\"name\":\"Home\",\"item\":\"https:\/\/www.fredericlecrivain.com\/en\/\"},{\"@type\":\"ListItem\",\"position\":2,\"name\":\"Contact\"}]},{\"@type\":\"WebSite\",\"@id\":\"https:\/\/www.fredericlecrivain.com\/en\/#website\",\"url\":\"https:\/\/www.fredericlecrivain.com\/en\/\",\"name\":\"Fr\u00e9d\u00e9ric L\u00e9crivain, designer\",\"description\":\"The object..., this communicating link\",\"publisher\":{\"@id\":\"https:\/\/www.fredericlecrivain.com\/en\/#\/schema\/person\/5bde13d5458cfcb1b9d7bc6f6668c3aa\"},\"potentialAction\":[{\"@type\":\"SearchAction\",\"target\":{\"@type\":\"EntryPoint\",\"urlTemplate\":\"https:\/\/www.fredericlecrivain.com\/en\/?s={search_term_string}\"},\"query-input\":{\"@type\":\"PropertyValueSpecification\",\"valueRequired\":true,\"valueName\":\"search_term_string\"}}],\"inLanguage\":\"en-US\"},{\"@type\":[\"Person\",\"Organization\"],\"@id\":\"https:\/\/www.fredericlecrivain.com\/en\/#\/schema\/person\/5bde13d5458cfcb1b9d7bc6f6668c3aa\",\"name\":\"Fr\u00e9d\u00e9ric L\u00e9crivain\",\"image\":{\"@type\":\"ImageObject\",\"inLanguage\":\"en-US\",\"@id\":\"https:\/\/www.fredericlecrivain.com\/en\/files\/2019\/06\/logo-frederic-lecrivain-designer.png\",\"url\":\"https:\/\/www.fredericlecrivain.com\/en\/files\/2019\/06\/logo-frederic-lecrivain-designer.png\",\"contentUrl\":\"https:\/\/www.fredericlecrivain.com\/en\/files\/2019\/06\/logo-frederic-lecrivain-designer.png\",\"width\":512,\"height\":512,\"caption\":\"Fr\u00e9d\u00e9ric L\u00e9crivain\"},\"logo\":{\"@id\":\"https:\/\/www.fredericlecrivain.com\/en\/files\/2019\/06\/logo-frederic-lecrivain-designer.png\"},\"sameAs\":[\"https:\/\/www.fredericlecrivain.com\"]}]}<\/script>\n<!-- \/ Yoast SEO plugin. -->","yoast_head_json":{"title":"Contact &#183; Fr\u00e9d\u00e9ric L\u00e9crivain, designer","robots":{"index":"index","follow":"follow","max-snippet":"max-snippet:-1","max-image-preview":"max-image-preview:large","max-video-preview":"max-video-preview:-1"},"canonical":"https:\/\/www.fredericlecrivain.com\/en\/contact\/","twitter_misc":{"Est. reading time":"1 minute"},"schema":{"@context":"https:\/\/schema.org","@graph":[{"@type":"WebPage","@id":"https:\/\/www.fredericlecrivain.com\/en\/contact\/","url":"https:\/\/www.fredericlecrivain.com\/en\/contact\/","name":"Contact &#183; Fr\u00e9d\u00e9ric L\u00e9crivain, designer","isPartOf":{"@id":"https:\/\/www.fredericlecrivain.com\/en\/#website"},"datePublished":"2022-08-19T15:58:00+00:00","dateModified":"2026-02-03T18:43:44+00:00","breadcrumb":{"@id":"https:\/\/www.fredericlecrivain.com\/en\/contact\/#breadcrumb"},"inLanguage":"en-US","potentialAction":[{"@type":"ReadAction","target":["https:\/\/www.fredericlecrivain.com\/en\/contact\/"]}]},{"@type":"BreadcrumbList","@id":"https:\/\/www.fredericlecrivain.com\/en\/contact\/#breadcrumb","itemListElement":[{"@type":"ListItem","position":1,"name":"Home","item":"https:\/\/www.fredericlecrivain.com\/en\/"},{"@type":"ListItem","position":2,"name":"Contact"}]},{"@type":"WebSite","@id":"https:\/\/www.fredericlecrivain.com\/en\/#website","url":"https:\/\/www.fredericlecrivain.com\/en\/","name":"Fr\u00e9d\u00e9ric L\u00e9crivain, designer","description":"The object..., this communicating link","publisher":{"@id":"https:\/\/www.fredericlecrivain.com\/en\/#\/schema\/person\/5bde13d5458cfcb1b9d7bc6f6668c3aa"},"potentialAction":[{"@type":"SearchAction","target":{"@type":"EntryPoint","urlTemplate":"https:\/\/www.fredericlecrivain.com\/en\/?s={search_term_string}"},"query-input":{"@type":"PropertyValueSpecification","valueRequired":true,"valueName":"search_term_string"}}],"inLanguage":"en-US"},{"@type":["Person","Organization"],"@id":"https:\/\/www.fredericlecrivain.com\/en\/#\/schema\/person\/5bde13d5458cfcb1b9d7bc6f6668c3aa","name":"Fr\u00e9d\u00e9ric L\u00e9crivain","image":{"@type":"ImageObject","inLanguage":"en-US","@id":"https:\/\/www.fredericlecrivain.com\/en\/files\/2019\/06\/logo-frederic-lecrivain-designer.png","url":"https:\/\/www.fredericlecrivain.com\/en\/files\/2019\/06\/logo-frederic-lecrivain-designer.png","contentUrl":"https:\/\/www.fredericlecrivain.com\/en\/files\/2019\/06\/logo-frederic-lecrivain-designer.png","width":512,"height":512,"caption":"Fr\u00e9d\u00e9ric L\u00e9crivain"},"logo":{"@id":"https:\/\/www.fredericlecrivain.com\/en\/files\/2019\/06\/logo-frederic-lecrivain-designer.png"},"sameAs":["https:\/\/www.fredericlecrivain.com"]}]}},"_links":{"self":[{"href":"https:\/\/www.fredericlecrivain.com\/en\/wp-json\/wp\/v2\/pages\/6765","targetHints":{"allow":["GET"]}}],"collection":[{"href":"https:\/\/www.fredericlecrivain.com\/en\/wp-json\/wp\/v2\/pages"}],"about":[{"href":"https:\/\/www.fredericlecrivain.com\/en\/wp-json\/wp\/v2\/types\/page"}],"author":[{"embeddable":true,"href":"https:\/\/www.fredericlecrivain.com\/en\/wp-json\/wp\/v2\/users\/1"}],"replies":[{"embeddable":true,"href":"https:\/\/www.fredericlecrivain.com\/en\/wp-json\/wp\/v2\/comments?post=6765"}],"version-history":[{"count":4,"href":"https:\/\/www.fredericlecrivain.com\/en\/wp-json\/wp\/v2\/pages\/6765\/revisions"}],"predecessor-version":[{"id":7739,"href":"https:\/\/www.fredericlecrivain.com\/en\/wp-json\/wp\/v2\/pages\/6765\/revisions\/7739"}],"wp:attachment":[{"href":"https:\/\/www.fredericlecrivain.com\/en\/wp-json\/wp\/v2\/media?parent=6765"}],"curies":[{"name":"wp","href":"https:\/\/api.w.org\/{rel}","templated":true}]}}